{"id":194,"date":"2024-03-13T12:17:16","date_gmt":"2024-03-13T11:17:16","guid":{"rendered":"https:\/\/k360.michael-ruhdorfer.at\/cms\/?page_id=194"},"modified":"2024-08-30T11:50:31","modified_gmt":"2024-08-30T09:50:31","slug":"impressum","status":"publish","type":"page","link":"https:\/\/kulturservices.com\/cms\/impressum\/","title":{"rendered":"Impressum"},"content":{"rendered":"<div class=\"wpb-content-wrapper\"><p>[vc_row][vc_column width=&#8220;1\/1&#8243;][vc_column_text uncode_shortcode_id=&#8220;178189&#8243;]<\/p>\n<h2>Impressum<\/h2>\n<p>Informationspflicht laut \u00a75 E-Commerce Gesetz, \u00a763 Gewerbeordnung, \u00a714 Unternehmensgesetzbuch und Offenlegungspflicht laut \u00a725 Mediengesetz<\/p>\n<p>MMZ kulturmarketing<br \/>\nRechtsform: gemeinn\u00fctziger Verein<\/p>\n<p>Johann-P\u00f6lzer-Gasse 4\/5\/3<br \/>\n1100 Wien<br \/>\n\u00d6sterreich<\/p>\n<p>Tel: +43-676-3121605<br \/>\nE-Mail: <a href=\"mailto:office%40mmz.at\">office@mmz.at<\/a><\/p>\n<p>ZVR-Zahl: 489713698<\/p>\n<h2>Fotos<\/h2>\n<p>Foto Login-Seite <a class=\"m0JUJ g14AY eziW_\" href=\"https:\/\/unsplash.com\/de\/s\/fotos\/Museo-Guggenheim%2C-Avenida-Abandoibarra%2C-Bilbao%2C-Espa%C3%B1a\"><span class=\"TVqgS\"><span class=\"e6qY8 IKU9M pXBzI RZQOk\">Museo Guggenheim, Avenida Abandoibarra, Bilbao, Espa\u00f1a<\/span><\/span><\/a> on <a href=\"https:\/\/unsplash.com\/de\/@davidvives?utm_content=creditCopyText&amp;utm_medium=referral&amp;utm_source=unsplash\">David Vives<\/a> auf <a href=\"https:\/\/unsplash.com\/de\/fotos\/ein-grosses-gebaude-mit-einer-grossen-metallstruktur-neben-einem-gewasser-voWO-fXv_F0?utm_content=creditCopyText&amp;utm_medium=referral&amp;utm_source=unsplash\">Unsplash<\/a><\/p>\n<p>Fotos Startseite &#8211; <a href=\"http:\/\/Dream-Music-Company Dream-Music-Company https:\/\/www.dream-music.at\">dream-music-company<\/a> sowie <a href=\"https:\/\/www.lyn.vision\/\">Lyn Vysher<\/a><\/p>\n<div id=\"ihre_rechte\">\n<h2>Ihre Rechte<\/h2>\n<p>Ihnen stehen bez\u00fcglich Ihrer bei uns gespeicherten Daten grunds\u00e4tzlich die Rechte auf Auskunft, Berichtigung, L\u00f6schung, Einschr\u00e4nkung, Daten\u00fcbertragbarkeit, Widerruf und Widerspruch zu. Wenn Sie glauben, dass die Verarbeitung Ihrer Daten gegen das Datenschutzrecht verst\u00f6\u00dft oder Ihre datenschutzrechtlichen Anspr\u00fcche sonst in einer Weise verletzt worden sind, k\u00f6nnen Sie sich bei der oben genannten E-Mail-Adresse oder Ihrer Datenschutzbeh\u00f6rde beschweren.<\/p>\n<\/div>\n<p>&nbsp;<\/p>\n<div id=\"online_streitschlichtung\">\n<h2>Teilnahme an Online-Streitbeilegung laut AStG und ODR-VO<\/h2>\n<p>Verbraucher haben die M\u00f6glichkeit, Beschwerden direkt an unsere oben genannte E-Mail bzw. Postadresse zu richten oder \u00fcber eine Online-Streitbeilegungsplattform zu melden. Dar\u00fcber m\u00f6chten wir Sie gem\u00e4\u00df dem Alternative-Streitbeilegung-Gesetz (AStG) und der EU-Verordnung Online-Streitbeilegung (ODR-VO) gerne informieren.<\/p>\n<p>Weiters m\u00f6chten wir Sie darauf hinweisen, dass die Teilnahme an einer Online-Streitbeilegungsplattform nicht verpflichtend ist, sondern lediglich auf freiwilliger Basis erfolgt. Da wir der \u00dcberzeugung sind, dass Streitereien jedoch weder f\u00fcr die eine, noch f\u00fcr die andere Partei sinnvoll und wir um L\u00f6sungen bem\u00fcht sind, bieten wir Ihnen folgende Plattformen zur Meldung an:<\/p>\n<ul>\n<li><a href=\"https:\/\/www.verbraucherschlichtung.at\/\" target=\"_blank\" rel=\"noopener\">Schlichtung f\u00fcr Verbrauchergesch\u00e4fte<\/a><\/li>\n<li><a href=\"http:\/\/ec.europa.eu\/odr\" target=\"_blank\" rel=\"noopener\">Online-Streitschlichtungsplattform nach Art 14 ODR-VO<\/a><\/li>\n<\/ul>\n<\/div>\n<p>&nbsp;<\/p>\n<div id=\"erstelltmit\">\n<p><small>Generiert mit dem kostenlosen und einfachen <a href=\"https:\/\/idigit.onl\/\" target=\"_blank\" rel=\"noopener\">Impressum Generator von idigIT e.U.<\/a><\/small><\/p>\n<\/div>\n<p>[\/vc_column_text][\/vc_column][\/vc_row]<\/p>\n<\/div>","protected":false},"excerpt":{"rendered":"<p>[vc_row][vc_column width=&#8220;1\/1&#8243;][vc_column_text uncode_shortcode_id=&#8220;178189&#8243;] Impressum Informationspflicht laut \u00a75 E-Commerce Gesetz, \u00a763 Gewerbeordnung, \u00a714 Unternehmensgesetzbuch und Offenlegungspflicht laut \u00a725 Mediengesetz MMZ kulturmarketing [&hellip;]<\/p>\n","protected":false},"author":1,"featured_media":0,"parent":0,"menu_order":0,"comment_status":"closed","ping_status":"closed","template":"","meta":{"_acf_changed":false,"footnotes":""},"class_list":["post-194","page","type-page","status-publish","hentry"],"acf":[],"_links":{"self":[{"href":"https:\/\/kulturservices.com\/cms\/wp-json\/wp\/v2\/pages\/194","targetHints":{"allow":["GET"]}}],"collection":[{"href":"https:\/\/kulturservices.com\/cms\/wp-json\/wp\/v2\/pages"}],"about":[{"href":"https:\/\/kulturservices.com\/cms\/wp-json\/wp\/v2\/types\/page"}],"author":[{"embeddable":true,"href":"https:\/\/kulturservices.com\/cms\/wp-json\/wp\/v2\/users\/1"}],"replies":[{"embeddable":true,"href":"https:\/\/kulturservices.com\/cms\/wp-json\/wp\/v2\/comments?post=194"}],"version-history":[{"count":8,"href":"https:\/\/kulturservices.com\/cms\/wp-json\/wp\/v2\/pages\/194\/revisions"}],"predecessor-version":[{"id":141409,"href":"https:\/\/kulturservices.com\/cms\/wp-json\/wp\/v2\/pages\/194\/revisions\/141409"}],"wp:attachment":[{"href":"https:\/\/kulturservices.com\/cms\/wp-json\/wp\/v2\/media?parent=194"}],"curies":[{"name":"wp","href":"https:\/\/api.w.org\/{rel}","templated":true}]}}